{"id":2198,"date":"2023-07-09T16:28:33","date_gmt":"2023-07-09T14:28:33","guid":{"rendered":"https:\/\/dobrebiurorachunkowe.pl\/datenschutzbestimmungen\/"},"modified":"2023-11-20T09:40:15","modified_gmt":"2023-11-20T08:40:15","slug":"datenschutzbestimmungen","status":"publish","type":"page","link":"https:\/\/dobrebiurorachunkowe.pl\/de\/datenschutzbestimmungen\/","title":{"rendered":"Datenschutzbestimmungen"},"content":{"rendered":"\t\t<div data-elementor-type=\"wp-page\" data-elementor-id=\"2198\" class=\"elementor elementor-2198\">\n\t\t\t\t\t\t<section class=\"elementor-section elementor-top-section elementor-element elementor-element-7d9a7819 elementor-section-boxed elementor-section-height-default elementor-section-height-default\" data-id=\"7d9a7819\" data-element_type=\"section\" data-e-type=\"section\">\n\t\t\t\t\t\t<div class=\"elementor-container elementor-column-gap-default\">\n\t\t\t\t\t<div class=\"elementor-column elementor-col-100 elementor-top-column elementor-element elementor-element-4a31690b\" data-id=\"4a31690b\" data-element_type=\"column\" data-e-type=\"column\">\n\t\t\t<div class=\"elementor-widget-wrap elementor-element-populated\">\n\t\t\t\t\t\t<div class=\"elementor-element elementor-element-5ae06160 elementor-widget elementor-widget-text-editor\" data-id=\"5ae06160\" data-element_type=\"widget\" data-e-type=\"widget\" data-widget_type=\"text-editor.default\">\n\t\t\t\t<div class=\"elementor-widget-container\">\n\t\t\t\t\t\t\t\t\t<p><\/p>\n<h4>Gesetzliche Regelung<\/h4>\n<p><\/p>\n<p><\/p>\n<p>Seit dem 25. Mai 2018 gilt die Richtlinie 2016\/679 des Europ\u00e4ischen Parlaments und des Rates (EU) vom 27.04.2016 zum Schutz nat\u00fcrlicher Personen bei der Verarbeitung personenbezogener Daten und zum freien Datenverkehr und zur Aufhebung der Richtlinie 95\/46\/EG (Datenschutz-Grundverordnung) (Amtsblatt der EU L 119, S. 1), nachfolgend RODO genannt. Das Datenschutzgesetz vom 10. Mai 2018 findet ebenfalls Anwendung. (Gesetzblatt 2018.1000).<\/p>\n<p><\/p>\n<p><\/p>\n<h4>Datenverwalter und Ansprechpartner<\/h4>\n<p><\/p>\n<p><\/p>\n<p>Verwalter der pers\u00f6nlichen Daten: DBR Ksi\u0119gowo\u015b\u0107 Sp. z o.o., ul. Matejki 9\/141, 91-402 \u0141\u00f3d\u017a, NIP XX, KRS: XX<\/p>\n<p>Kontakt: E-Mail: biuro@dobrebiurorachunkowe.com.pl | Telefon: +48 516 048 779<\/p>\n<p>Als Verantwortliche sind wir f\u00fcr die Sicherheit und rechtm\u00e4\u00dfige Verarbeitung der uns anvertrauten personenbezogenen Daten verantwortlich. Die personenbezogenen Daten haben wir durch ein Kontaktformular, Werbema\u00dfnahmen externer Plattformen oder im Rahmen eines Vertragsabschlusses erhalten.<\/p>\n<p><\/p>\n<p><\/p>\n<h4>Zweck der Verarbeitung<\/h4>\n<p><\/p>\n<p><\/p>\n<p>Vertragserf\u00fcllung, Ausstellung von Rechnungen und damit zusammenh\u00e4ngende rechtliche Verpflichtungen, Geltendmachung von vertraglichen Anspr\u00fcchen, Werbung f\u00fcr eigene Produkte oder Dienstleistungen, Marketingaktivit\u00e4ten, nach Einwilligung, Marketingaktivit\u00e4ten, Erhebung statistischer Daten und Analyse des Websiteverkehrs.<\/p>\n<p><\/p>\n<p><\/p>\n<h4>Benutzerrechte<\/h4>\n<p><\/p>\n<p><\/p>\n<p>Auskunft \u00fcber personenbezogene Daten, Berichtigung von Daten, L\u00f6schung von Daten (au\u00dfer in F\u00e4llen, in denen sich die Verpflichtung zur Aufbewahrung von Daten aus dem Gesetz oder den Interessen des f\u00fcr die Verarbeitung Verantwortlichen ergibt), Einschr\u00e4nkung der Datenverarbeitung bei unrichtigen oder unrechtm\u00e4\u00dfig verarbeiteten Daten, Daten\u00fcbertragbarkeit auf einen anderen f\u00fcr die Verarbeitung Verantwortlichen, Einspruch gegen die Datenverarbeitung, Einreichung einer Beschwerde bei der Aufsichtsbeh\u00f6rde (Pr\u00e4sident des Amtes f\u00fcr den Schutz personenbezogener Daten), Widerruf der Einwilligung in die Datenverarbeitung. Der Widerruf der Einwilligung hat keinen Einfluss auf die Rechtm\u00e4\u00dfigkeit der bisherigen Verarbeitung.<\/p>\n<p><\/p>\n<p><\/p>\n<h4>Empf\u00e4nger von personenbezogenen Daten<\/h4>\n<p><\/p>\n<p><\/p>\n<p>Unternehmen, die Dienstleistungen f\u00fcr BDR ksi\u0119gowo\u015b\u0107 sp zoo erbringen, und Justizbeh\u00f6rden auf der Grundlage der einschl\u00e4gigen Rechtsvorschriften (z. B. Strafverfolgungsbeh\u00f6rden usw.). Daten k\u00f6nnen auch au\u00dferhalb des EWR \u00fcbertragen werden (z.B. Google) &#8211; die Daten\u00fcbertragung erfolgt in \u00dcbereinstimmung mit dem Gesetz.<\/p>\n<p><\/p>\n<p><\/p>\n<h4>Bearbeitungszeitraum<\/h4>\n<p><\/p>\n<p><\/p>\n<p>Die personenbezogenen Daten werden so lange verarbeitet, wie es f\u00fcr die Erf\u00fcllung der Zwecke der Verarbeitung erforderlich ist. Dieser Zeitraum kann durch Rechtsvorschriften (z. B. Rechnungslegungsvorschriften) oder durch die Art der erbrachten Dienstleistungen bedingt sein. Im Falle von Daten, die auf der Grundlage einer Einwilligung verarbeitet werden, bis zum Widerruf der Einwilligung.<\/p>\n<p><\/p>\n<p><\/p>\n<h4>Sicherheit<\/h4>\n<p><\/p>\n<p><\/p>\n<p>Der f\u00fcr die Verarbeitung Verantwortliche unternimmt alle Anstrengungen, um ein angemessenes Ma\u00df an Sicherheit f\u00fcr personenbezogene Daten zu gew\u00e4hrleisten. Es werden geeignete technische und organisatorische Ma\u00dfnahmen ergriffen, um den Schutz der verarbeiteten personenbezogenen Daten zu gew\u00e4hrleisten, z. B. zum Schutz der Daten vor unbefugtem Zugriff, Verlust, Zerst\u00f6rung, unbefugter \u00c4nderung sowie vor einer Verarbeitung, die den geltenden Rechtsvorschriften zuwiderl\u00e4uft.<\/p>\n<p><\/p>\n<p><\/p>\n<h4>Analysetools und soziale Medien<\/h4>\n<p><\/p>\n<p><\/p>\n<p>Dobre Biuro Rachunkowe (DBR Ksi\u0119gowo\u015b\u0107 Sp z o.o.) \u00fcberwacht die Aktivit\u00e4ten auf der Website www.dobrebiurorachunkowe.com.pl &#8211; personenbezogene Daten werden automatisch verarbeitet, ohne dass dies irgendwelche rechtlichen Folgen hat (die Verwendung dient der Analyse und Vorhersage pers\u00f6nlicher Pr\u00e4ferenzen und Verhaltensweisen (zur Deaktivierung des Trackings \u00e4ndern Sie bitte Ihre Browsereinstellungen). Links, die zu Social-Media-Seiten (z.B. Facebook, etc.) f\u00fchren, dienen der Verarbeitung von Daten, die zum Zweck der Kontaktaufnahme oder zur Information \u00fcber die Dienstleistungen unseres Unternehmens genutzt werden.<\/p>\n<p> <\/p>\n<p>Dieses Dokument kann ge\u00e4ndert werden. Der Verwalter wird \u00fcber die \u00c4nderungen der Bedingungen und den Zeitpunkt des Inkrafttretens der \u00c4nderungen auf seinen Webseiten informieren. Die Nutzung der Website durch den Kunden nach diesem Datum ist gleichbedeutend mit der Annahme des neuen Inhalts der Allgemeinen Gesch\u00e4ftsbedingungen.<\/p>\n<p>Jegliche \u00c4nderungen an der Datenschutzrichtlinie haben keinen Einfluss auf das Grundprinzip: DBR Ksi\u0119gowo\u015b\u0107 Sp. z o.o. verkauft keine pers\u00f6nlichen Daten oder Adressdaten von Kunden und Nutzern des Dienstes und des Newsletters des Good Accounting Office an Dritte.<\/p>\n<p><\/p>\t\t\t\t\t\t\t\t<\/div>\n\t\t\t\t<\/div>\n\t\t\t\t\t<\/div>\n\t\t<\/div>\n\t\t\t\t\t<\/div>\n\t\t<\/section>\n\t\t\t\t<\/div>\n\t\t","protected":false},"excerpt":{"rendered":"<p>Gesetzliche Regelung Seit dem 25. Mai 2018 gilt die Richtlinie 2016\/679 des Europ\u00e4ischen Parlaments und des Rates (EU) vom 27.04.2016 zum Schutz nat\u00fcrlicher Personen bei der Verarbeitung personenbezogener Daten und zum freien Datenverkehr und zur Aufhebung der Richtlinie 95\/46\/EG (Datenschutz-Grundverordnung) (Amtsblatt der EU L 119, S. 1), nachfolgend RODO genannt. Das Datenschutzgesetz vom 10. Mai [&hellip;]<\/p>\n","protected":false},"author":1,"featured_media":0,"parent":0,"menu_order":0,"comment_status":"closed","ping_status":"closed","template":"","meta":{"_monsterinsights_skip_tracking":false,"_monsterinsights_sitenote_active":false,"_monsterinsights_sitenote_note":"","_monsterinsights_sitenote_category":0,"site-sidebar-layout":"default","site-content-layout":"","ast-site-content-layout":"default","site-content-style":"default","site-sidebar-style":"default","ast-global-header-display":"","ast-banner-title-visibility":"","ast-main-header-display":"","ast-hfb-above-header-display":"","ast-hfb-below-header-display":"","ast-hfb-mobile-header-display":"","site-post-title":"","ast-breadcrumbs-content":"","ast-featured-img":"","footer-sml-layout":"","ast-disable-related-posts":"","theme-transparent-header-meta":"","adv-header-id-meta":"","stick-header-meta":"","header-above-stick-meta":"","header-main-stick-meta":"","header-below-stick-meta":"","astra-migrate-meta-layouts":"default","ast-page-background-enabled":"default","ast-page-background-meta":{"desktop":{"background-color":"","background-image":"","background-repeat":"repeat","background-position":"center center","background-size":"auto","background-attachment":"scroll","background-type":"","background-media":"","overlay-type":"","overlay-color":"","overlay-opacity":"","overlay-gradient":""},"tablet":{"background-color":"","background-image":"","background-repeat":"repeat","background-position":"center center","background-size":"auto","background-attachment":"scroll","background-type":"","background-media":"","overlay-type":"","overlay-color":"","overlay-opacity":"","overlay-gradient":""},"mobile":{"background-color":"","background-image":"","background-repeat":"repeat","background-position":"center center","background-size":"auto","background-attachment":"scroll","background-type":"","background-media":"","overlay-type":"","overlay-color":"","overlay-opacity":"","overlay-gradient":""}},"ast-content-background-meta":{"desktop":{"background-color":"var(--ast-global-color-5)","background-image":"","background-repeat":"repeat","background-position":"center center","background-size":"auto","background-attachment":"scroll","background-type":"","background-media":"","overlay-type":"","overlay-color":"","overlay-opacity":"","overlay-gradient":""},"tablet":{"background-color":"var(--ast-global-color-5)","background-image":"","background-repeat":"repeat","background-position":"center center","background-size":"auto","background-attachment":"scroll","background-type":"","background-media":"","overlay-type":"","overlay-color":"","overlay-opacity":"","overlay-gradient":""},"mobile":{"background-color":"var(--ast-global-color-5)","background-image":"","background-repeat":"repeat","background-position":"center center","background-size":"auto","background-attachment":"scroll","background-type":"","background-media":"","overlay-type":"","overlay-color":"","overlay-opacity":"","overlay-gradient":""}},"footnotes":""},"class_list":["post-2198","page","type-page","status-publish","hentry"],"yoast_head":"<!-- This site is optimized with the Yoast SEO plugin v27.0 - https:\/\/yoast.com\/product\/yoast-seo-wordpress\/ -->\n<title>Datenschutzbestimmungen - Dobre Biuro Rachunkowe<\/title>\n<meta name=\"robots\" content=\"noindex, follow\" \/>\n<meta property=\"og:locale\" content=\"de_DE\" \/>\n<meta property=\"og:type\" content=\"article\" \/>\n<meta property=\"og:title\" content=\"Datenschutzbestimmungen - Dobre Biuro Rachunkowe\" \/>\n<meta property=\"og:description\" content=\"Gesetzliche Regelung Seit dem 25. Mai 2018 gilt die Richtlinie 2016\/679 des Europ\u00e4ischen Parlaments und des Rates (EU) vom 27.04.2016 zum Schutz nat\u00fcrlicher Personen bei der Verarbeitung personenbezogener Daten und zum freien Datenverkehr und zur Aufhebung der Richtlinie 95\/46\/EG (Datenschutz-Grundverordnung) (Amtsblatt der EU L 119, S. 1), nachfolgend RODO genannt. Das Datenschutzgesetz vom 10. Mai [&hellip;]\" \/>\n<meta property=\"og:url\" content=\"https:\/\/dobrebiurorachunkowe.pl\/de\/datenschutzbestimmungen\/\" \/>\n<meta property=\"og:site_name\" content=\"Dobre Biuro Rachunkowe\" \/>\n<meta property=\"article:publisher\" content=\"https:\/\/www.facebook.com\/DBR.ksiegowosc\" \/>\n<meta property=\"article:modified_time\" content=\"2023-11-20T08:40:15+00:00\" \/>\n<meta name=\"twitter:card\" content=\"summary_large_image\" \/>\n<meta name=\"twitter:label1\" content=\"Gesch\u00e4tzte Lesezeit\" \/>\n\t<meta name=\"twitter:data1\" content=\"3\u00a0Minuten\" \/>\n<script type=\"application\/ld+json\" class=\"yoast-schema-graph\">{\"@context\":\"https:\/\/schema.org\",\"@graph\":[{\"@type\":\"WebPage\",\"@id\":\"https:\/\/dobrebiurorachunkowe.pl\/de\/datenschutzbestimmungen\/\",\"url\":\"https:\/\/dobrebiurorachunkowe.pl\/de\/datenschutzbestimmungen\/\",\"name\":\"Datenschutzbestimmungen - Dobre Biuro Rachunkowe\",\"isPartOf\":{\"@id\":\"https:\/\/dobrebiurorachunkowe.pl\/#website\"},\"datePublished\":\"2023-07-09T14:28:33+00:00\",\"dateModified\":\"2023-11-20T08:40:15+00:00\",\"breadcrumb\":{\"@id\":\"https:\/\/dobrebiurorachunkowe.pl\/de\/datenschutzbestimmungen\/#breadcrumb\"},\"inLanguage\":\"de\",\"potentialAction\":[{\"@type\":\"ReadAction\",\"target\":[\"https:\/\/dobrebiurorachunkowe.pl\/de\/datenschutzbestimmungen\/\"]}]},{\"@type\":\"BreadcrumbList\",\"@id\":\"https:\/\/dobrebiurorachunkowe.pl\/de\/datenschutzbestimmungen\/#breadcrumb\",\"itemListElement\":[{\"@type\":\"ListItem\",\"position\":1,\"name\":\"Strona g\u0142\u00f3wna\",\"item\":\"https:\/\/dobrebiurorachunkowe.pl\/de\/gute-buchpruefungsstelle\/\"},{\"@type\":\"ListItem\",\"position\":2,\"name\":\"Datenschutzbestimmungen\"}]},{\"@type\":\"WebSite\",\"@id\":\"https:\/\/dobrebiurorachunkowe.pl\/#website\",\"url\":\"https:\/\/dobrebiurorachunkowe.pl\/\",\"name\":\"Dobre Biuro Rachunkowe\",\"description\":\"Ksi\u0119gowo\u015b\u0107, z kt&oacute;r\u0105 zarabiasz wi\u0119cej\",\"publisher\":{\"@id\":\"https:\/\/dobrebiurorachunkowe.pl\/#organization\"},\"potentialAction\":[{\"@type\":\"SearchAction\",\"target\":{\"@type\":\"EntryPoint\",\"urlTemplate\":\"https:\/\/dobrebiurorachunkowe.pl\/?s={search_term_string}\"},\"query-input\":{\"@type\":\"PropertyValueSpecification\",\"valueRequired\":true,\"valueName\":\"search_term_string\"}}],\"inLanguage\":\"de\"},{\"@type\":\"Organization\",\"@id\":\"https:\/\/dobrebiurorachunkowe.pl\/#organization\",\"name\":\"Dobre Biuro Rachunkowe\",\"url\":\"https:\/\/dobrebiurorachunkowe.pl\/\",\"logo\":{\"@type\":\"ImageObject\",\"inLanguage\":\"de\",\"@id\":\"https:\/\/dobrebiurorachunkowe.pl\/#\/schema\/logo\/image\/\",\"url\":\"https:\/\/dobrebiurorachunkowe.pl\/wp-content\/uploads\/2023\/07\/DBR-logo.png\",\"contentUrl\":\"https:\/\/dobrebiurorachunkowe.pl\/wp-content\/uploads\/2023\/07\/DBR-logo.png\",\"width\":1000,\"height\":1000,\"caption\":\"Dobre Biuro Rachunkowe\"},\"image\":{\"@id\":\"https:\/\/dobrebiurorachunkowe.pl\/#\/schema\/logo\/image\/\"},\"sameAs\":[\"https:\/\/www.facebook.com\/DBR.ksiegowosc\"]}]}<\/script>\n<!-- \/ Yoast SEO plugin. -->","yoast_head_json":{"title":"Datenschutzbestimmungen - Dobre Biuro Rachunkowe","robots":{"index":"noindex","follow":"follow"},"og_locale":"de_DE","og_type":"article","og_title":"Datenschutzbestimmungen - Dobre Biuro Rachunkowe","og_description":"Gesetzliche Regelung Seit dem 25. Mai 2018 gilt die Richtlinie 2016\/679 des Europ\u00e4ischen Parlaments und des Rates (EU) vom 27.04.2016 zum Schutz nat\u00fcrlicher Personen bei der Verarbeitung personenbezogener Daten und zum freien Datenverkehr und zur Aufhebung der Richtlinie 95\/46\/EG (Datenschutz-Grundverordnung) (Amtsblatt der EU L 119, S. 1), nachfolgend RODO genannt. Das Datenschutzgesetz vom 10. Mai [&hellip;]","og_url":"https:\/\/dobrebiurorachunkowe.pl\/de\/datenschutzbestimmungen\/","og_site_name":"Dobre Biuro Rachunkowe","article_publisher":"https:\/\/www.facebook.com\/DBR.ksiegowosc","article_modified_time":"2023-11-20T08:40:15+00:00","twitter_card":"summary_large_image","twitter_misc":{"Gesch\u00e4tzte Lesezeit":"3\u00a0Minuten"},"schema":{"@context":"https:\/\/schema.org","@graph":[{"@type":"WebPage","@id":"https:\/\/dobrebiurorachunkowe.pl\/de\/datenschutzbestimmungen\/","url":"https:\/\/dobrebiurorachunkowe.pl\/de\/datenschutzbestimmungen\/","name":"Datenschutzbestimmungen - Dobre Biuro Rachunkowe","isPartOf":{"@id":"https:\/\/dobrebiurorachunkowe.pl\/#website"},"datePublished":"2023-07-09T14:28:33+00:00","dateModified":"2023-11-20T08:40:15+00:00","breadcrumb":{"@id":"https:\/\/dobrebiurorachunkowe.pl\/de\/datenschutzbestimmungen\/#breadcrumb"},"inLanguage":"de","potentialAction":[{"@type":"ReadAction","target":["https:\/\/dobrebiurorachunkowe.pl\/de\/datenschutzbestimmungen\/"]}]},{"@type":"BreadcrumbList","@id":"https:\/\/dobrebiurorachunkowe.pl\/de\/datenschutzbestimmungen\/#breadcrumb","itemListElement":[{"@type":"ListItem","position":1,"name":"Strona g\u0142\u00f3wna","item":"https:\/\/dobrebiurorachunkowe.pl\/de\/gute-buchpruefungsstelle\/"},{"@type":"ListItem","position":2,"name":"Datenschutzbestimmungen"}]},{"@type":"WebSite","@id":"https:\/\/dobrebiurorachunkowe.pl\/#website","url":"https:\/\/dobrebiurorachunkowe.pl\/","name":"Dobre Biuro Rachunkowe","description":"Ksi\u0119gowo\u015b\u0107, z kt&oacute;r\u0105 zarabiasz wi\u0119cej","publisher":{"@id":"https:\/\/dobrebiurorachunkowe.pl\/#organization"},"potentialAction":[{"@type":"SearchAction","target":{"@type":"EntryPoint","urlTemplate":"https:\/\/dobrebiurorachunkowe.pl\/?s={search_term_string}"},"query-input":{"@type":"PropertyValueSpecification","valueRequired":true,"valueName":"search_term_string"}}],"inLanguage":"de"},{"@type":"Organization","@id":"https:\/\/dobrebiurorachunkowe.pl\/#organization","name":"Dobre Biuro Rachunkowe","url":"https:\/\/dobrebiurorachunkowe.pl\/","logo":{"@type":"ImageObject","inLanguage":"de","@id":"https:\/\/dobrebiurorachunkowe.pl\/#\/schema\/logo\/image\/","url":"https:\/\/dobrebiurorachunkowe.pl\/wp-content\/uploads\/2023\/07\/DBR-logo.png","contentUrl":"https:\/\/dobrebiurorachunkowe.pl\/wp-content\/uploads\/2023\/07\/DBR-logo.png","width":1000,"height":1000,"caption":"Dobre Biuro Rachunkowe"},"image":{"@id":"https:\/\/dobrebiurorachunkowe.pl\/#\/schema\/logo\/image\/"},"sameAs":["https:\/\/www.facebook.com\/DBR.ksiegowosc"]}]}},"_links":{"self":[{"href":"https:\/\/dobrebiurorachunkowe.pl\/de\/wp-json\/wp\/v2\/pages\/2198","targetHints":{"allow":["GET"]}}],"collection":[{"href":"https:\/\/dobrebiurorachunkowe.pl\/de\/wp-json\/wp\/v2\/pages"}],"about":[{"href":"https:\/\/dobrebiurorachunkowe.pl\/de\/wp-json\/wp\/v2\/types\/page"}],"author":[{"embeddable":true,"href":"https:\/\/dobrebiurorachunkowe.pl\/de\/wp-json\/wp\/v2\/users\/1"}],"replies":[{"embeddable":true,"href":"https:\/\/dobrebiurorachunkowe.pl\/de\/wp-json\/wp\/v2\/comments?post=2198"}],"version-history":[{"count":9,"href":"https:\/\/dobrebiurorachunkowe.pl\/de\/wp-json\/wp\/v2\/pages\/2198\/revisions"}],"predecessor-version":[{"id":2245,"href":"https:\/\/dobrebiurorachunkowe.pl\/de\/wp-json\/wp\/v2\/pages\/2198\/revisions\/2245"}],"wp:attachment":[{"href":"https:\/\/dobrebiurorachunkowe.pl\/de\/wp-json\/wp\/v2\/media?parent=2198"}],"curies":[{"name":"wp","href":"https:\/\/api.w.org\/{rel}","templated":true}]}}