{"id":2189,"date":"2023-07-09T16:28:33","date_gmt":"2023-07-09T14:28:33","guid":{"rendered":"https:\/\/dobrebiurorachunkowe.pl\/privacy-policy\/"},"modified":"2023-11-20T09:40:19","modified_gmt":"2023-11-20T08:40:19","slug":"privacy-policy","status":"publish","type":"page","link":"https:\/\/dobrebiurorachunkowe.pl\/en\/privacy-policy\/","title":{"rendered":"Privacy Policy"},"content":{"rendered":"\t\t<div data-elementor-type=\"wp-page\" data-elementor-id=\"2189\" class=\"elementor elementor-2189\">\n\t\t\t\t\t\t<section class=\"elementor-section elementor-top-section elementor-element elementor-element-7d9a7819 elementor-section-boxed elementor-section-height-default elementor-section-height-default\" data-id=\"7d9a7819\" data-element_type=\"section\" data-e-type=\"section\">\n\t\t\t\t\t\t<div class=\"elementor-container elementor-column-gap-default\">\n\t\t\t\t\t<div class=\"elementor-column elementor-col-100 elementor-top-column elementor-element elementor-element-4a31690b\" data-id=\"4a31690b\" data-element_type=\"column\" data-e-type=\"column\">\n\t\t\t<div class=\"elementor-widget-wrap elementor-element-populated\">\n\t\t\t\t\t\t<div class=\"elementor-element elementor-element-5ae06160 elementor-widget elementor-widget-text-editor\" data-id=\"5ae06160\" data-element_type=\"widget\" data-e-type=\"widget\" data-widget_type=\"text-editor.default\">\n\t\t\t\t<div class=\"elementor-widget-container\">\n\t\t\t\t\t\t\t\t\t<p><\/p>\n<h4>Legal provision<\/h4>\n<p><\/p>\n<p><\/p>\n<p>As of May 25, 2018, Directive 2016\/679 of the European Parliament and of the Council (EU) dated 27.04.2016, concerning the protection of individuals in the context of the processing of personal data and the free flow of such data, and abolishing Directive 95\/46\/EC (General Data Protection Regulation) (Official Journal of the EU L 119, p. 1), hereinafter referred to as RODO, came into effect. The Personal Data Protection Act of May 10, 2018 also applies. (Journal of Laws 2018.1000).<\/p>\n<p><\/p>\n<p><\/p>\n<h4>Data manager and contact<\/h4>\n<p><\/p>\n<p><\/p>\n<p>Personal data manager: DBR Ksi\u0119gowo\u015b\u0107 Sp. z o.o., ul. Matejki 9\/141, 91-402 \u0141\u00f3d\u017a, NIP XX, KRS: XX<\/p>\n<p>Contact: e-mail: biuro@dobrebiurorachunkowe.com.pl | phone: +48 516 048 779<\/p>\n<p>As the manager, we are responsible for securing and legally processing your personal data entrusted to us. We obtained personal data through the contact form, advertising activities of third-party platforms or as a result of signing a contract.<\/p>\n<p><\/p>\n<p><\/p>\n<h4>Purpose of processing<\/h4>\n<p><\/p>\n<p><\/p>\n<p>Fulfillment of the contract, issuance of invoices and related legal obligations, enforcement of claims under the contract, promotion of own products or services, marketing activities, after consent, marketing activities, collection of statistical data and analysis of website traffic.<\/p>\n<p><\/p>\n<p><\/p>\n<h4>User rights<\/h4>\n<p><\/p>\n<p><\/p>\n<p>Access to personal data, rectification of data, deletion of data (except when the obligation to store data arises from the law or the interests of the controller), restriction of data processing if the data is incorrect or processed unfoundedly, data portability to another controller, objection to data processing, lodging a complaint to the supervisory authority (President of the Office for Personal Data Protection), withdrawal of consent to data processing. Withdrawal of consent does not affect the legality of past processing.<\/p>\n<p><\/p>\n<p><\/p>\n<h4>Recipients of personal data<\/h4>\n<p><\/p>\n<p><\/p>\n<p>Companies providing services to BDR accounting sp zoo and legal authorities on the basis of relevant legislation (e.g. law enforcement agencies, etc.). Data may also be transferred outside the EEA (e.g. Google) &#8211; data transfer is in accordance with the law.<\/p>\n<p><\/p>\n<p><\/p>\n<h4>Processing period<\/h4>\n<p><\/p>\n<p><\/p>\n<p>Personal data are processed for the period of time necessary to fulfill the purposes of processing. This period may be due to legal regulations (e.g., accounting regulations) or due to the type of services provided. In the case of data processed on the basis of consent &#8211; until the consent is withdrawn.<\/p>\n<p><\/p>\n<p><\/p>\n<h4>Security<\/h4>\n<p><\/p>\n<p><\/p>\n<p>The data controller will make every effort to ensure an adequate level of security of personal data. Appropriate technical and organizational measures are used to ensure the protection of the processed personal data, e.g.: protecting the data against unauthorized access, loss, destruction, unauthorized changes, as well as processing in a manner contrary to applicable laws.<\/p>\n<p><\/p>\n<p><\/p>\n<h4>Analytical tools and social media<\/h4>\n<p><\/p>\n<p><\/p>\n<p>Good Accounting Office (DBR Ksi\u0119gowo\u015b\u0107 Sp z o.o.) monitors activity on the website www.dobrebiurorachunkowe.com.pl &#8211; personal data is automatically processed without any legal consequences (use is to analyze and predict personal preferences and behavior (to disable tracking please change your browser settings). Links leading to social media pages (e.g., Facebook, etc.) are for the purpose of processing data used to make contact or inform about our company&#8217;s services.<\/p>\n<p> <\/p>\n<p>This document is subject to change. The Administrator will announce changes to the Terms and Conditions and the effective dates of the changes on its websites. Customer&#8217;s use of the Service after this date is tantamount to acceptance of the new content of the Terms and Conditions.<\/p>\n<p>Any changes made to the Privacy Policy do not and will never affect the basic principle:DBR Ksi\u0119gowo\u015b\u0107 Sp. z o.o. does not sell to third parties personal or address data of customers and users of the service and newsletters belonging to the Good Accounting Office.<\/p>\n<p><\/p>\t\t\t\t\t\t\t\t<\/div>\n\t\t\t\t<\/div>\n\t\t\t\t\t<\/div>\n\t\t<\/div>\n\t\t\t\t\t<\/div>\n\t\t<\/section>\n\t\t\t\t<\/div>\n\t\t","protected":false},"excerpt":{"rendered":"<p>Legal provision As of May 25, 2018, Directive 2016\/679 of the European Parliament and of the Council (EU) dated 27.04.2016, concerning the protection of individuals in the context of the processing of personal data and the free flow of such data, and abolishing Directive 95\/46\/EC (General Data Protection Regulation) (Official Journal of the EU L [&hellip;]<\/p>\n","protected":false},"author":1,"featured_media":0,"parent":0,"menu_order":0,"comment_status":"closed","ping_status":"closed","template":"","meta":{"_monsterinsights_skip_tracking":false,"_monsterinsights_sitenote_active":false,"_monsterinsights_sitenote_note":"","_monsterinsights_sitenote_category":0,"site-sidebar-layout":"default","site-content-layout":"","ast-site-content-layout":"default","site-content-style":"default","site-sidebar-style":"default","ast-global-header-display":"","ast-banner-title-visibility":"","ast-main-header-display":"","ast-hfb-above-header-display":"","ast-hfb-below-header-display":"","ast-hfb-mobile-header-display":"","site-post-title":"","ast-breadcrumbs-content":"","ast-featured-img":"","footer-sml-layout":"","ast-disable-related-posts":"","theme-transparent-header-meta":"","adv-header-id-meta":"","stick-header-meta":"","header-above-stick-meta":"","header-main-stick-meta":"","header-below-stick-meta":"","astra-migrate-meta-layouts":"default","ast-page-background-enabled":"default","ast-page-background-meta":{"desktop":{"background-color":"","background-image":"","background-repeat":"repeat","background-position":"center center","background-size":"auto","background-attachment":"scroll","background-type":"","background-media":"","overlay-type":"","overlay-color":"","overlay-opacity":"","overlay-gradient":""},"tablet":{"background-color":"","background-image":"","background-repeat":"repeat","background-position":"center center","background-size":"auto","background-attachment":"scroll","background-type":"","background-media":"","overlay-type":"","overlay-color":"","overlay-opacity":"","overlay-gradient":""},"mobile":{"background-color":"","background-image":"","background-repeat":"repeat","background-position":"center center","background-size":"auto","background-attachment":"scroll","background-type":"","background-media":"","overlay-type":"","overlay-color":"","overlay-opacity":"","overlay-gradient":""}},"ast-content-background-meta":{"desktop":{"background-color":"var(--ast-global-color-5)","background-image":"","background-repeat":"repeat","background-position":"center center","background-size":"auto","background-attachment":"scroll","background-type":"","background-media":"","overlay-type":"","overlay-color":"","overlay-opacity":"","overlay-gradient":""},"tablet":{"background-color":"var(--ast-global-color-5)","background-image":"","background-repeat":"repeat","background-position":"center center","background-size":"auto","background-attachment":"scroll","background-type":"","background-media":"","overlay-type":"","overlay-color":"","overlay-opacity":"","overlay-gradient":""},"mobile":{"background-color":"var(--ast-global-color-5)","background-image":"","background-repeat":"repeat","background-position":"center center","background-size":"auto","background-attachment":"scroll","background-type":"","background-media":"","overlay-type":"","overlay-color":"","overlay-opacity":"","overlay-gradient":""}},"footnotes":""},"class_list":["post-2189","page","type-page","status-publish","hentry"],"yoast_head":"<!-- This site is optimized with the Yoast SEO plugin v27.0 - https:\/\/yoast.com\/product\/yoast-seo-wordpress\/ -->\n<title>Privacy Policy - Dobre Biuro Rachunkowe<\/title>\n<meta name=\"robots\" content=\"noindex, follow\" \/>\n<meta property=\"og:locale\" content=\"en_US\" \/>\n<meta property=\"og:type\" content=\"article\" \/>\n<meta property=\"og:title\" content=\"Privacy Policy - Dobre Biuro Rachunkowe\" \/>\n<meta property=\"og:description\" content=\"Legal provision As of May 25, 2018, Directive 2016\/679 of the European Parliament and of the Council (EU) dated 27.04.2016, concerning the protection of individuals in the context of the processing of personal data and the free flow of such data, and abolishing Directive 95\/46\/EC (General Data Protection Regulation) (Official Journal of the EU L [&hellip;]\" \/>\n<meta property=\"og:url\" content=\"https:\/\/dobrebiurorachunkowe.pl\/en\/privacy-policy\/\" \/>\n<meta property=\"og:site_name\" content=\"Dobre Biuro Rachunkowe\" \/>\n<meta property=\"article:publisher\" content=\"https:\/\/www.facebook.com\/DBR.ksiegowosc\" \/>\n<meta property=\"article:modified_time\" content=\"2023-11-20T08:40:19+00:00\" \/>\n<meta name=\"twitter:card\" content=\"summary_large_image\" \/>\n<meta name=\"twitter:label1\" content=\"Est. reading time\" \/>\n\t<meta name=\"twitter:data1\" content=\"3 minutes\" \/>\n<script type=\"application\/ld+json\" class=\"yoast-schema-graph\">{\"@context\":\"https:\/\/schema.org\",\"@graph\":[{\"@type\":\"WebPage\",\"@id\":\"https:\/\/dobrebiurorachunkowe.pl\/en\/privacy-policy\/\",\"url\":\"https:\/\/dobrebiurorachunkowe.pl\/en\/privacy-policy\/\",\"name\":\"Privacy Policy - Dobre Biuro Rachunkowe\",\"isPartOf\":{\"@id\":\"https:\/\/dobrebiurorachunkowe.pl\/#website\"},\"datePublished\":\"2023-07-09T14:28:33+00:00\",\"dateModified\":\"2023-11-20T08:40:19+00:00\",\"breadcrumb\":{\"@id\":\"https:\/\/dobrebiurorachunkowe.pl\/en\/privacy-policy\/#breadcrumb\"},\"inLanguage\":\"en-US\",\"potentialAction\":[{\"@type\":\"ReadAction\",\"target\":[\"https:\/\/dobrebiurorachunkowe.pl\/en\/privacy-policy\/\"]}]},{\"@type\":\"BreadcrumbList\",\"@id\":\"https:\/\/dobrebiurorachunkowe.pl\/en\/privacy-policy\/#breadcrumb\",\"itemListElement\":[{\"@type\":\"ListItem\",\"position\":1,\"name\":\"Strona g\u0142\u00f3wna\",\"item\":\"https:\/\/dobrebiurorachunkowe.pl\/de\/\"},{\"@type\":\"ListItem\",\"position\":2,\"name\":\"Privacy Policy\"}]},{\"@type\":\"WebSite\",\"@id\":\"https:\/\/dobrebiurorachunkowe.pl\/#website\",\"url\":\"https:\/\/dobrebiurorachunkowe.pl\/\",\"name\":\"Dobre Biuro Rachunkowe\",\"description\":\"Ksi\u0119gowo\u015b\u0107, z kt&oacute;r\u0105 zarabiasz wi\u0119cej\",\"publisher\":{\"@id\":\"https:\/\/dobrebiurorachunkowe.pl\/#organization\"},\"potentialAction\":[{\"@type\":\"SearchAction\",\"target\":{\"@type\":\"EntryPoint\",\"urlTemplate\":\"https:\/\/dobrebiurorachunkowe.pl\/?s={search_term_string}\"},\"query-input\":{\"@type\":\"PropertyValueSpecification\",\"valueRequired\":true,\"valueName\":\"search_term_string\"}}],\"inLanguage\":\"en-US\"},{\"@type\":\"Organization\",\"@id\":\"https:\/\/dobrebiurorachunkowe.pl\/#organization\",\"name\":\"Dobre Biuro Rachunkowe\",\"url\":\"https:\/\/dobrebiurorachunkowe.pl\/\",\"logo\":{\"@type\":\"ImageObject\",\"inLanguage\":\"en-US\",\"@id\":\"https:\/\/dobrebiurorachunkowe.pl\/#\/schema\/logo\/image\/\",\"url\":\"https:\/\/dobrebiurorachunkowe.pl\/wp-content\/uploads\/2023\/07\/DBR-logo.png\",\"contentUrl\":\"https:\/\/dobrebiurorachunkowe.pl\/wp-content\/uploads\/2023\/07\/DBR-logo.png\",\"width\":1000,\"height\":1000,\"caption\":\"Dobre Biuro Rachunkowe\"},\"image\":{\"@id\":\"https:\/\/dobrebiurorachunkowe.pl\/#\/schema\/logo\/image\/\"},\"sameAs\":[\"https:\/\/www.facebook.com\/DBR.ksiegowosc\"]}]}<\/script>\n<!-- \/ Yoast SEO plugin. -->","yoast_head_json":{"title":"Privacy Policy - Dobre Biuro Rachunkowe","robots":{"index":"noindex","follow":"follow"},"og_locale":"en_US","og_type":"article","og_title":"Privacy Policy - Dobre Biuro Rachunkowe","og_description":"Legal provision As of May 25, 2018, Directive 2016\/679 of the European Parliament and of the Council (EU) dated 27.04.2016, concerning the protection of individuals in the context of the processing of personal data and the free flow of such data, and abolishing Directive 95\/46\/EC (General Data Protection Regulation) (Official Journal of the EU L [&hellip;]","og_url":"https:\/\/dobrebiurorachunkowe.pl\/en\/privacy-policy\/","og_site_name":"Dobre Biuro Rachunkowe","article_publisher":"https:\/\/www.facebook.com\/DBR.ksiegowosc","article_modified_time":"2023-11-20T08:40:19+00:00","twitter_card":"summary_large_image","twitter_misc":{"Est. reading time":"3 minutes"},"schema":{"@context":"https:\/\/schema.org","@graph":[{"@type":"WebPage","@id":"https:\/\/dobrebiurorachunkowe.pl\/en\/privacy-policy\/","url":"https:\/\/dobrebiurorachunkowe.pl\/en\/privacy-policy\/","name":"Privacy Policy - Dobre Biuro Rachunkowe","isPartOf":{"@id":"https:\/\/dobrebiurorachunkowe.pl\/#website"},"datePublished":"2023-07-09T14:28:33+00:00","dateModified":"2023-11-20T08:40:19+00:00","breadcrumb":{"@id":"https:\/\/dobrebiurorachunkowe.pl\/en\/privacy-policy\/#breadcrumb"},"inLanguage":"en-US","potentialAction":[{"@type":"ReadAction","target":["https:\/\/dobrebiurorachunkowe.pl\/en\/privacy-policy\/"]}]},{"@type":"BreadcrumbList","@id":"https:\/\/dobrebiurorachunkowe.pl\/en\/privacy-policy\/#breadcrumb","itemListElement":[{"@type":"ListItem","position":1,"name":"Strona g\u0142\u00f3wna","item":"https:\/\/dobrebiurorachunkowe.pl\/de\/"},{"@type":"ListItem","position":2,"name":"Privacy Policy"}]},{"@type":"WebSite","@id":"https:\/\/dobrebiurorachunkowe.pl\/#website","url":"https:\/\/dobrebiurorachunkowe.pl\/","name":"Dobre Biuro Rachunkowe","description":"Ksi\u0119gowo\u015b\u0107, z kt&oacute;r\u0105 zarabiasz wi\u0119cej","publisher":{"@id":"https:\/\/dobrebiurorachunkowe.pl\/#organization"},"potentialAction":[{"@type":"SearchAction","target":{"@type":"EntryPoint","urlTemplate":"https:\/\/dobrebiurorachunkowe.pl\/?s={search_term_string}"},"query-input":{"@type":"PropertyValueSpecification","valueRequired":true,"valueName":"search_term_string"}}],"inLanguage":"en-US"},{"@type":"Organization","@id":"https:\/\/dobrebiurorachunkowe.pl\/#organization","name":"Dobre Biuro Rachunkowe","url":"https:\/\/dobrebiurorachunkowe.pl\/","logo":{"@type":"ImageObject","inLanguage":"en-US","@id":"https:\/\/dobrebiurorachunkowe.pl\/#\/schema\/logo\/image\/","url":"https:\/\/dobrebiurorachunkowe.pl\/wp-content\/uploads\/2023\/07\/DBR-logo.png","contentUrl":"https:\/\/dobrebiurorachunkowe.pl\/wp-content\/uploads\/2023\/07\/DBR-logo.png","width":1000,"height":1000,"caption":"Dobre Biuro Rachunkowe"},"image":{"@id":"https:\/\/dobrebiurorachunkowe.pl\/#\/schema\/logo\/image\/"},"sameAs":["https:\/\/www.facebook.com\/DBR.ksiegowosc"]}]}},"_links":{"self":[{"href":"https:\/\/dobrebiurorachunkowe.pl\/en\/wp-json\/wp\/v2\/pages\/2189","targetHints":{"allow":["GET"]}}],"collection":[{"href":"https:\/\/dobrebiurorachunkowe.pl\/en\/wp-json\/wp\/v2\/pages"}],"about":[{"href":"https:\/\/dobrebiurorachunkowe.pl\/en\/wp-json\/wp\/v2\/types\/page"}],"author":[{"embeddable":true,"href":"https:\/\/dobrebiurorachunkowe.pl\/en\/wp-json\/wp\/v2\/users\/1"}],"replies":[{"embeddable":true,"href":"https:\/\/dobrebiurorachunkowe.pl\/en\/wp-json\/wp\/v2\/comments?post=2189"}],"version-history":[{"count":15,"href":"https:\/\/dobrebiurorachunkowe.pl\/en\/wp-json\/wp\/v2\/pages\/2189\/revisions"}],"predecessor-version":[{"id":2257,"href":"https:\/\/dobrebiurorachunkowe.pl\/en\/wp-json\/wp\/v2\/pages\/2189\/revisions\/2257"}],"wp:attachment":[{"href":"https:\/\/dobrebiurorachunkowe.pl\/en\/wp-json\/wp\/v2\/media?parent=2189"}],"curies":[{"name":"wp","href":"https:\/\/api.w.org\/{rel}","templated":true}]}}